{"id":6701,"date":"2022-11-18T17:05:05","date_gmt":"2022-11-18T10:05:05","guid":{"rendered":"https:\/\/littleems.edu.vn\/dang-ky-tham-quan\/"},"modified":"2024-10-01T13:57:01","modified_gmt":"2024-10-01T06:57:01","slug":"dang-ky-tham-quan","status":"publish","type":"page","link":"https:\/\/littleems.edu.vn\/en\/dang-ky-tham-quan\/","title":{"rendered":"Register to visit the school"},"content":{"rendered":"\t\t<div data-elementor-type=\"wp-page\" data-elementor-id=\"6701\" class=\"elementor elementor-6701 elementor-6687\" data-elementor-post-type=\"page\">\n\t\t\t\t\t\t<section class=\"elementor-section elementor-top-section elementor-element elementor-element-1611fee elementor-section-full_width elementor-section-height-default elementor-section-height-default\" data-id=\"1611fee\" data-element_type=\"section\">\n\t\t\t\t\t\t<div class=\"elementor-container elementor-column-gap-default\">\n\t\t\t\t\t<div class=\"elementor-column elementor-col-100 elementor-top-column elementor-element elementor-element-dbc3a95\" data-id=\"dbc3a95\" data-element_type=\"column\" data-settings=\"{&quot;background_background&quot;:&quot;classic&quot;}\">\n\t\t\t<div class=\"elementor-widget-wrap\">\n\t\t\t\t\t\t\t<\/div>\n\t\t<\/div>\n\t\t\t\t\t<\/div>\n\t\t<\/section>\n\t\t\t\t<section class=\"elementor-section elementor-top-section elementor-element elementor-element-339f187 contact-form-wrap elementor-section-boxed elementor-section-height-default elementor-section-height-default\" data-id=\"339f187\" data-element_type=\"section\">\n\t\t\t\t\t\t<div class=\"elementor-container elementor-column-gap-default\">\n\t\t\t\t\t<div class=\"elementor-column elementor-col-33 elementor-top-column elementor-element elementor-element-d01f857\" data-id=\"d01f857\" data-element_type=\"column\">\n\t\t\t<div class=\"elementor-widget-wrap\">\n\t\t\t\t\t\t\t<\/div>\n\t\t<\/div>\n\t\t\t\t<div class=\"elementor-column elementor-col-33 elementor-top-column elementor-element elementor-element-e72c2f5\" data-id=\"e72c2f5\" data-element_type=\"column\">\n\t\t\t<div class=\"elementor-widget-wrap elementor-element-populated\">\n\t\t\t\t\t\t<div class=\"elementor-element elementor-element-bc63927 elementor-widget elementor-widget-heading\" data-id=\"bc63927\" data-element_type=\"widget\" data-widget_type=\"heading.default\">\n\t\t\t\t<div class=\"elementor-widget-container\">\n\t\t\t\t\t<h2 class=\"elementor-heading-title elementor-size-default\">\u0110\u0102NG K\u00dd THAM QUAN TR\u01af\u1edcNG \/ SIGN UP FOR SCHOOL TOUR<\/h2>\t\t\t\t<\/div>\n\t\t\t\t<\/div>\n\t\t\t\t<div class=\"elementor-element elementor-element-bef378c elementor-widget elementor-widget-html\" data-id=\"bef378c\" data-element_type=\"widget\" data-widget_type=\"html.default\">\n\t\t\t\t<div class=\"elementor-widget-container\">\n\t\t\t\t\t\n<div class=\"wpcf7 no-js\" id=\"wpcf7-f5-o1\" lang=\"en-US\" dir=\"ltr\" data-wpcf7-id=\"5\">\n<div class=\"screen-reader-response\"><p role=\"status\" aria-live=\"polite\" aria-atomic=\"true\"><\/p> <ul><\/ul><\/div>\n<form action=\"\/en\/wp-json\/wp\/v2\/pages\/6701#wpcf7-f5-o1\" method=\"post\" class=\"wpcf7-form init cf7mls-no-scroll cf7mls-no-moving-animation\" aria-label=\"Contact form\" novalidate=\"novalidate\" data-status=\"init\">\n<fieldset class=\"hidden-fields-container\"><input type=\"hidden\" name=\"_wpcf7\" value=\"5\" \/><input type=\"hidden\" name=\"_wpcf7_version\" value=\"6.1.4\" \/><input type=\"hidden\" name=\"_wpcf7_locale\" value=\"en_US\" \/><input type=\"hidden\" name=\"_wpcf7_unit_tag\" value=\"wpcf7-f5-o1\" \/><input type=\"hidden\" name=\"_wpcf7_container_post\" value=\"0\" \/><input type=\"hidden\" name=\"_wpcf7_posted_data_hash\" value=\"\" \/><input type=\"hidden\" name=\"_wpcf7cf_hidden_group_fields\" value=\"[]\" \/><input type=\"hidden\" name=\"_wpcf7cf_hidden_groups\" value=\"[]\" \/><input type=\"hidden\" name=\"_wpcf7cf_visible_groups\" value=\"[]\" \/><input type=\"hidden\" name=\"_wpcf7cf_repeaters\" value=\"[]\" \/><input type=\"hidden\" name=\"_wpcf7cf_steps\" value=\"{}\" \/><input type=\"hidden\" name=\"_wpcf7cf_options\" value=\"{&quot;form_id&quot;:5,&quot;conditions&quot;:[],&quot;settings&quot;:{&quot;animation&quot;:&quot;yes&quot;,&quot;animation_intime&quot;:200,&quot;animation_outtime&quot;:200,&quot;conditions_ui&quot;:&quot;normal&quot;,&quot;notice_dismissed&quot;:false,&quot;notice_dismissed_update-cf7-5.7.7&quot;:true}}\" \/><input type=\"hidden\" name=\"_wpcf7_recaptcha_response\" value=\"\" \/>\n<\/fieldset>\n<p class=\"frm-field\"><label>H\u1ecd t\u00ean*<\/label><span class=\"wpcf7-form-control-wrap\" data-name=\"your-name\"><input size=\"40\" maxlength=\"400\" class=\"wpcf7-form-control wpcf7-text wpcf7-validates-as-required\" aria-required=\"true\" aria-invalid=\"false\" placeholder=\"Nh\u1eadp h\u1ecd t\u00ean Anh\/Ch\u1ecb*\" value=\"\" type=\"text\" name=\"your-name\" \/><\/span>\n<\/p>\n<p class=\"frm-field\"><label>Email*<\/label><span class=\"wpcf7-form-control-wrap\" data-name=\"your-email\"><input size=\"40\" maxlength=\"400\" class=\"wpcf7-form-control wpcf7-email wpcf7-validates-as-required wpcf7-text wpcf7-validates-as-email\" aria-required=\"true\" aria-invalid=\"false\" placeholder=\"Nh\u1eadp email li\u00ean h\u1ec7*\" value=\"\" type=\"email\" name=\"your-email\" \/><\/span>\n<\/p>\n<p class=\"frm-field\"><label>S\u1ed1 \u0111i\u1ec7n tho\u1ea1i*<\/label><span class=\"wpcf7-form-control-wrap\" data-name=\"your-phone\"><input size=\"40\" maxlength=\"400\" class=\"wpcf7-form-control wpcf7-tel wpcf7-validates-as-required wpcf7-text wpcf7-validates-as-tel\" aria-required=\"true\" aria-invalid=\"false\" placeholder=\"Nh\u1eadp s\u1ed1 \u0111i\u1ec7n tho\u1ea1i*\" value=\"\" type=\"tel\" name=\"your-phone\" \/><\/span>\n<\/p>\n<p class=\"frm-field\"><label>Ph\u1ee5 huynh c\u00f3 nhu c\u1ea7u t\u00ecm tr\u01b0\u1eddng cho b\u00e9 t\u1eeb \u0111\u1ed9 tu\u1ed5i<\/label><span class=\"wpcf7-form-control-wrap\" data-name=\"ages-of-your-child\"><span class=\"wpcf7-form-control wpcf7-checkbox wpcf7-validates-as-required wpcf7-exclusive-checkbox class-ages-of-your-child\" id=\"id-ages-of-your-child\"><span class=\"wpcf7-list-item first\"><label><input type=\"checkbox\" name=\"ages-of-your-child\" value=\"T\u1eeb 18 \u0111\u1ebfn 36 th\u00e1ng\" \/><span class=\"wpcf7-list-item-label\">T\u1eeb 18 \u0111\u1ebfn 36 th\u00e1ng<\/span><\/label><\/span><span class=\"wpcf7-list-item\"><label><input type=\"checkbox\" name=\"ages-of-your-child\" value=\"T\u1eeb 3 \u0111\u1ebfn 6 tu\u1ed5i\" \/><span class=\"wpcf7-list-item-label\">T\u1eeb 3 \u0111\u1ebfn 6 tu\u1ed5i<\/span><\/label><\/span><span class=\"wpcf7-list-item last\"><label><input type=\"checkbox\" name=\"ages-of-your-child\" value=\"Kh\u00e1c\" \/><span class=\"wpcf7-list-item-label\">Kh\u00e1c<\/span><\/label><\/span><\/span><\/span>\n<\/p>\n<p class=\"frm-field\"><label>Ch\u1ecdn ch\u1ee7 \u0111\u1ec1*<\/label><span class=\"wpcf7-form-control-wrap\" data-name=\"your-subject\"><select class=\"wpcf7-form-control wpcf7-select wpcf7-validates-as-required class-choose-onetopic\" id=\"id-choose-onetopic\" aria-required=\"true\" aria-invalid=\"false\" name=\"your-subject\"><option value=\"\">&#8212;Please choose an option&#8212;<\/option><option value=\"\u0110\u0103ng k\u00fd tham quan tr\u01b0\u1eddng\">\u0110\u0103ng k\u00fd tham quan tr\u01b0\u1eddng<\/option><option value=\"Th\u00f4ng tin v\u1ec1 ch\u01b0\u01a1ng tr\u00ecnh h\u1ecdc v\u00e0 H\u1ecdc ph\u00ed\">Th\u00f4ng tin v\u1ec1 ch\u01b0\u01a1ng tr\u00ecnh h\u1ecdc v\u00e0 H\u1ecdc ph\u00ed<\/option><option value=\"Nh\u1eadn \u01b0u \u0111\u00e3i h\u1ecdc ph\u00ed\">Nh\u1eadn \u01b0u \u0111\u00e3i h\u1ecdc ph\u00ed<\/option><option value=\"Kh\u00e1c\">Kh\u00e1c<\/option><\/select><\/span>\n<\/p>\n<p class=\"frm-field\"><label>N\u1ed9i dung l\u1eddi nh\u1eafn <\/label><span class=\"wpcf7-form-control-wrap\" data-name=\"your-message\"><textarea cols=\"40\" rows=\"10\" maxlength=\"2000\" class=\"wpcf7-form-control wpcf7-textarea\" aria-invalid=\"false\" placeholder=\"N\u1ed9i dung l\u1eddi nh\u1eafn\" name=\"your-message\"><\/textarea><\/span>\n<\/p>\n<p class=\"frm-field\">\n\n<\/p>\n<p style=\"text-align: left;\"><input class=\"wpcf7-form-control wpcf7-submit has-spinner\" type=\"submit\" value=\"G\u1eedi \u0111i\" \/>\n<\/p><div class=\"wpcf7-response-output\" aria-hidden=\"true\"><\/div>\n<\/form>\n<\/div>\n\t\t\t\t<\/div>\n\t\t\t\t<\/div>\n\t\t\t\t\t<\/div>\n\t\t<\/div>\n\t\t\t\t<div class=\"elementor-column elementor-col-33 elementor-top-column elementor-element elementor-element-18008ab\" data-id=\"18008ab\" data-element_type=\"column\">\n\t\t\t<div class=\"elementor-widget-wrap\">\n\t\t\t\t\t\t\t<\/div>\n\t\t<\/div>\n\t\t\t\t\t<\/div>\n\t\t<\/section>\n\t\t\t\t<\/div>\n\t\t","protected":false},"excerpt":{"rendered":"<p>\u0110\u0102NG K\u00dd THAM QUAN TR\u01af\u1edcNG \/ SIGN UP FOR SCHOOL TOUR<\/p>\n","protected":false},"author":1,"featured_media":0,"parent":0,"menu_order":0,"comment_status":"closed","ping_status":"closed","template":"","meta":{"footnotes":""},"class_list":["post-6701","page","type-page","status-publish","hentry"],"acf":[],"_links":{"self":[{"href":"https:\/\/littleems.edu.vn\/en\/wp-json\/wp\/v2\/pages\/6701","targetHints":{"allow":["GET"]}}],"collection":[{"href":"https:\/\/littleems.edu.vn\/en\/wp-json\/wp\/v2\/pages"}],"about":[{"href":"https:\/\/littleems.edu.vn\/en\/wp-json\/wp\/v2\/types\/page"}],"author":[{"embeddable":true,"href":"https:\/\/littleems.edu.vn\/en\/wp-json\/wp\/v2\/users\/1"}],"replies":[{"embeddable":true,"href":"https:\/\/littleems.edu.vn\/en\/wp-json\/wp\/v2\/comments?post=6701"}],"version-history":[{"count":19,"href":"https:\/\/littleems.edu.vn\/en\/wp-json\/wp\/v2\/pages\/6701\/revisions"}],"predecessor-version":[{"id":13156,"href":"https:\/\/littleems.edu.vn\/en\/wp-json\/wp\/v2\/pages\/6701\/revisions\/13156"}],"wp:attachment":[{"href":"https:\/\/littleems.edu.vn\/en\/wp-json\/wp\/v2\/media?parent=6701"}],"curies":[{"name":"wp","href":"https:\/\/api.w.org\/{rel}","templated":true}]}}